{"id":8,"date":"2018-07-20T16:36:14","date_gmt":"2018-07-20T14:36:14","guid":{"rendered":"http:\/\/chemindesoie.com\/?page_id=8"},"modified":"2024-03-17T14:17:06","modified_gmt":"2024-03-17T13:17:06","slug":"osteopathehypnosenaturopathereiki-a-bruxellespariscote-dazur-4","status":"publish","type":"page","link":"https:\/\/chemindesoie.com\/?page_id=8","title":{"rendered":"Contact"},"content":{"rendered":"<div  style='height:30px' class='hr hr-invisible   avia-builder-el-0  el_before_av_heading  avia-builder-el-first '><span class='hr-inner ' ><span class='hr-inner-style'><\/span><\/span><\/div>\n<div  style='padding-bottom:10px; ' class='av-special-heading av-special-heading-h4  blockquote modern-quote  avia-builder-el-1  el_after_av_hr  el_before_av_textblock  '><h4 class='av-special-heading-tag '  >Contact<\/h4><div class='special-heading-border'><div class='special-heading-inner-border' ><\/div><\/div><\/div>\n<section class=\"av_textblock_section \" ><div class='avia_textblock  '  ><p>Les s\u00e9ances peuvent \u00eatre faites en pr\u00e9sentiel ou \u00e0 distance (par t\u00e9l\u00e9phone ou visioconf\u00e9rence) selon vos besoins et possibilit\u00e9s.<\/p>\n<p>Sofia (Bulgaria): +359 88 883 98 98<br \/>\nBruxelles (Belgique) : +32 478 95 01 30<br \/>\nParis &#8211; Monaco &#8211; C\u00f4te d&rsquo;Azur (France): +33 6 50 42 25 68<\/p>\n<p>En cas d&rsquo;annulation du rendez-vous, veuillez pr\u00e9venir 48 heures avant,<br \/>\ndans le cas contraire la s\u00e9ance devra \u00eatre pay\u00e9e.<\/p>\n<p><strong>Pour les urgences, mademoiselle Ozkan vous sugg\u00e8re de prendre rdv avec son coll\u00e8gue monsieur Candido.<\/strong><br \/>\n<strong> Vous trouverez plus d&rsquo;informations sur son site internet : <a href=\"http:\/\/www.soinsomega.com\">www.soinsomega.com<\/a>.<\/strong><br \/>\n<strong> Les rendez-vous se prennent par SMS au 0485 83 05 34<\/strong><\/p>\n<p><strong>\u00a0<\/strong><\/p>\n<\/div><\/section>\n","protected":false},"excerpt":{"rendered":"","protected":false},"author":1,"featured_media":0,"parent":0,"menu_order":0,"comment_status":"closed","ping_status":"closed","template":"","meta":[],"_links":{"self":[{"href":"https:\/\/chemindesoie.com\/index.php?rest_route=\/wp\/v2\/pages\/8"}],"collection":[{"href":"https:\/\/chemindesoie.com\/index.php?rest_route=\/wp\/v2\/pages"}],"about":[{"href":"https:\/\/chemindesoie.com\/index.php?rest_route=\/wp\/v2\/types\/page"}],"author":[{"embeddable":true,"href":"https:\/\/chemindesoie.com\/index.php?rest_route=\/wp\/v2\/users\/1"}],"replies":[{"embeddable":true,"href":"https:\/\/chemindesoie.com\/index.php?rest_route=%2Fwp%2Fv2%2Fcomments&post=8"}],"version-history":[{"count":28,"href":"https:\/\/chemindesoie.com\/index.php?rest_route=\/wp\/v2\/pages\/8\/revisions"}],"predecessor-version":[{"id":604,"href":"https:\/\/chemindesoie.com\/index.php?rest_route=\/wp\/v2\/pages\/8\/revisions\/604"}],"wp:attachment":[{"href":"https:\/\/chemindesoie.com\/index.php?rest_route=%2Fwp%2Fv2%2Fmedia&parent=8"}],"curies":[{"name":"wp","href":"https:\/\/api.w.org\/{rel}","templated":true}]}}