{"id":6,"date":"2018-07-20T16:35:55","date_gmt":"2018-07-20T14:35:55","guid":{"rendered":"http:\/\/chemindesoie.com\/?page_id=6"},"modified":"2022-05-24T17:08:00","modified_gmt":"2022-05-24T15:08:00","slug":"osteopathehypnosenaturopathereiki-a-bruxellespariscote-dazur","status":"publish","type":"page","link":"https:\/\/chemindesoie.com\/","title":{"rendered":"Accueil"},"content":{"rendered":"<div  style='height:30px' class='hr hr-invisible   avia-builder-el-0  el_before_av_heading  avia-builder-el-first '><span class='hr-inner ' ><span class='hr-inner-style'><\/span><\/span><\/div>\n<div  style='padding-bottom:10px; ' class='av-special-heading av-special-heading-h4  blockquote modern-quote  avia-builder-el-1  el_after_av_hr  el_before_av_textblock  '><h4 class='av-special-heading-tag '  >Bienvenue sur Chemin de Soie.<\/h4><div class='special-heading-border'><div class='special-heading-inner-border' ><\/div><\/div><\/div>\n<section class=\"av_textblock_section \" ><div class='avia_textblock  '  ><p>Vous souhaitez mieux vous conna\u00eetre pour \u00eatre ?<br \/>\nAm\u00e9liorez votre hygi\u00e8ne de vie pour retrouvez la sant\u00e9 ?<br \/>\nPrendre votre place dans votre vie priv\u00e9e et professionnelle ?<br \/>\nAvoir une vie \u00e9panouissante qui vous ressemble ?<\/p>\n<p>Si vous \u00eates sur ce site c\u2019est que vous \u00eates pr\u00eat !<\/p>\n<p>C\u2019est un chemin sur lequel il est important d\u2019\u00eatre bien accompagn\u00e9. Ecoutez-vous pour choisir la bonne personne qui vous accompagnera avec amour, bienveillance, avec qui vous vous sentirez libre de parler, d&rsquo;exprimer vos \u00e9motions et d\u2019\u00eatre.<\/p>\n<p>Je vous souhaite de tout c\u0153ur un chemin lumineux .<\/p>\n<\/div><\/section>\n","protected":false},"excerpt":{"rendered":"","protected":false},"author":1,"featured_media":0,"parent":0,"menu_order":0,"comment_status":"closed","ping_status":"closed","template":"","meta":[],"_links":{"self":[{"href":"https:\/\/chemindesoie.com\/index.php?rest_route=\/wp\/v2\/pages\/6"}],"collection":[{"href":"https:\/\/chemindesoie.com\/index.php?rest_route=\/wp\/v2\/pages"}],"about":[{"href":"https:\/\/chemindesoie.com\/index.php?rest_route=\/wp\/v2\/types\/page"}],"author":[{"embeddable":true,"href":"https:\/\/chemindesoie.com\/index.php?rest_route=\/wp\/v2\/users\/1"}],"replies":[{"embeddable":true,"href":"https:\/\/chemindesoie.com\/index.php?rest_route=%2Fwp%2Fv2%2Fcomments&post=6"}],"version-history":[{"count":18,"href":"https:\/\/chemindesoie.com\/index.php?rest_route=\/wp\/v2\/pages\/6\/revisions"}],"predecessor-version":[{"id":526,"href":"https:\/\/chemindesoie.com\/index.php?rest_route=\/wp\/v2\/pages\/6\/revisions\/526"}],"wp:attachment":[{"href":"https:\/\/chemindesoie.com\/index.php?rest_route=%2Fwp%2Fv2%2Fmedia&parent=6"}],"curies":[{"name":"wp","href":"https:\/\/api.w.org\/{rel}","templated":true}]}}