{"id":39,"date":"2018-07-23T15:31:44","date_gmt":"2018-07-23T13:31:44","guid":{"rendered":"http:\/\/chemindesoie.com\/?page_id=39"},"modified":"2022-05-24T17:03:08","modified_gmt":"2022-05-24T15:03:08","slug":"osteopathehypnosenaturopathereiki-a-bruxellespariscote-dazur-5","status":"publish","type":"page","link":"https:\/\/chemindesoie.com\/?page_id=39","title":{"rendered":"Hypnose"},"content":{"rendered":"<div  style='height:30px' class='hr hr-invisible   avia-builder-el-0  el_before_av_heading  avia-builder-el-first '><span class='hr-inner ' ><span class='hr-inner-style'><\/span><\/span><\/div>\n<div  style='padding-bottom:10px; ' class='av-special-heading av-special-heading-h4  blockquote modern-quote  avia-builder-el-1  el_after_av_hr  el_before_av_textblock  '><h4 class='av-special-heading-tag '  >Hypnose<\/h4><div class='special-heading-border'><div class='special-heading-inner-border' ><\/div><\/div><\/div>\n<section class=\"av_textblock_section \" ><div class='avia_textblock  '  ><p>Cet outil place le patient dans un \u00e9tat de conscience modifi\u00e9 qui permet de mobiliser les souvenirs enfouis et les ressources profondes de l&rsquo;inconscient afin d&rsquo;en identifier la cause. Il est utilis\u00e9 pour travailler sur la confiance en soi, l\u2019arr\u00eat du tabac, les phobies, la perte de poids, la gestion du stress, la pr\u00e9paration mentale d&rsquo;un examen, d&rsquo;une comp\u00e9tition ou d&rsquo;un entretien&#8230;<\/p>\n<p>La s\u00e9ance d\u00e9bute par un entretien d&rsquo;une demie heure afin de cibler votre probl\u00e9matique suivi d&rsquo;un explicatif du d\u00e9roul\u00e9 du soin.<\/p>\n<p>Diff\u00e9rentes techniques sont utilis\u00e9es: la visualisation, la relaxation, la respiration pour amener le patient dans une d\u00e9tente hypnotique, par la suite on \u00e9met des suggestions post-hypnotiques. Je vous informe que lors d&rsquo;une s\u00e9ance d&rsquo;hypnose vous \u00eates conscient de ce qui se passe.<br \/>\nIl ne s&rsquo;agit en rien \u00ab\u00a0d&rsquo;hypnose spectacle\u00a0\u00bb, comme on peut voir dans certaines \u00e9missions.<br \/>\nElle se fera dans la douceur et la s\u00e9r\u00e9nit\u00e9.<\/p>\n<p>Il faut savoir qu&rsquo;une s\u00e9ance n&rsquo;est pas suffisante, un rendez-vous toutes les deux semaines sera n\u00e9cessaire au d\u00e9but pour r\u00e9soudre votre probl\u00e9matique.<\/p>\n<p>\u00a0<\/p>\n<p><img loading=\"lazy\" class=\" wp-image-337 aligncenter\" src=\"http:\/\/chemindesoie.com\/wp-content\/uploads\/2018\/08\/hypnose.jpg\" alt=\"\" width=\"421\" height=\"273\" \/><\/p>\n<p>Pour votre prise de rendez-vous, <a href=\"http:\/\/chemindesoie.com\/?page_id=8\">CLIQUEZ ICI<\/a>.<\/p>\n<\/div><\/section>\n","protected":false},"excerpt":{"rendered":"","protected":false},"author":1,"featured_media":0,"parent":0,"menu_order":0,"comment_status":"closed","ping_status":"closed","template":"","meta":[],"_links":{"self":[{"href":"https:\/\/chemindesoie.com\/index.php?rest_route=\/wp\/v2\/pages\/39"}],"collection":[{"href":"https:\/\/chemindesoie.com\/index.php?rest_route=\/wp\/v2\/pages"}],"about":[{"href":"https:\/\/chemindesoie.com\/index.php?rest_route=\/wp\/v2\/types\/page"}],"author":[{"embeddable":true,"href":"https:\/\/chemindesoie.com\/index.php?rest_route=\/wp\/v2\/users\/1"}],"replies":[{"embeddable":true,"href":"https:\/\/chemindesoie.com\/index.php?rest_route=%2Fwp%2Fv2%2Fcomments&post=39"}],"version-history":[{"count":17,"href":"https:\/\/chemindesoie.com\/index.php?rest_route=\/wp\/v2\/pages\/39\/revisions"}],"predecessor-version":[{"id":522,"href":"https:\/\/chemindesoie.com\/index.php?rest_route=\/wp\/v2\/pages\/39\/revisions\/522"}],"wp:attachment":[{"href":"https:\/\/chemindesoie.com\/index.php?rest_route=%2Fwp%2Fv2%2Fmedia&parent=39"}],"curies":[{"name":"wp","href":"https:\/\/api.w.org\/{rel}","templated":true}]}}