{"id":37,"date":"2018-07-23T15:22:59","date_gmt":"2018-07-23T13:22:59","guid":{"rendered":"http:\/\/chemindesoie.com\/?page_id=37"},"modified":"2022-05-24T16:56:08","modified_gmt":"2022-05-24T14:56:08","slug":"osteopathehypnosenaturopathereiki-a-bruxellespariscote-dazur-16","status":"publish","type":"page","link":"https:\/\/chemindesoie.com\/?page_id=37","title":{"rendered":"Soins transg\u00e9n\u00e9rationnels"},"content":{"rendered":"<div  style='height:30px' class='hr hr-invisible   avia-builder-el-0  el_before_av_heading  avia-builder-el-first '><span class='hr-inner ' ><span class='hr-inner-style'><\/span><\/span><\/div>\n<div  style='padding-bottom:10px; ' class='av-special-heading av-special-heading-h4  blockquote modern-quote  avia-builder-el-1  el_after_av_hr  el_before_av_textblock  '><h4 class='av-special-heading-tag '  >Soins transg\u00e9n\u00e9rationnels<\/h4><div class='special-heading-border'><div class='special-heading-inner-border' ><\/div><\/div><\/div>\n<section class=\"av_textblock_section \" ><div class='avia_textblock  '  ><p>Les m\u00e9moires transg\u00e9n\u00e9rationnelles sont ces transmissions qui se font de g\u00e9n\u00e9ration en g\u00e9n\u00e9ration, au sein d\u2019une m\u00eame famille. A travers ce processus, c\u2019est l\u2019histoire familiale qui se poursuit, principalement en terme de douleurs et de blocages. Parfois l\u2019origine d\u2019un tel h\u00e9ritage peut \u00eatre tr\u00e8s lointaine dans la lign\u00e9e et totalement ignor\u00e9e de la g\u00e9n\u00e9ration actuelle. Il s\u2019agit aussi bien souvent d\u2019un secret, d\u2019un non-dit qui persiste, comme un traumatisme ou un deuil non r\u00e9solu, mais toujours bien pr\u00e9sent.<br \/>\nLorsqu\u2019on se penche sur son arbre g\u00e9n\u00e9alogique, on peut s\u2019apercevoir que certaines dates, certains pr\u00e9noms, \u00e9v\u00e9nements ou m\u00e9tiers se r\u00e9p\u00e8tent dans l\u2019histoire, et ce sur plusieurs g\u00e9n\u00e9rations. Cette r\u00e9p\u00e9tition sera \u00e0 la fois une continuit\u00e9 de l\u2019histoire de la famille mais aussi un illogisme, celui de revivre aujourd\u2019hui ce qui appartenait \u00e0 hier\u2026..<br \/>\nAinsi, que ce soit un deuil non fait, des abus, des violences ou des traumas v\u00e9cus dans les g\u00e9n\u00e9rations pr\u00e9c\u00e9dentes, ils vont laisser des traces psychologiques, \u00e9nerg\u00e9tiques et \u00e9motionnelles, voire physiques parmi leurs descendants. C\u2019est alors que les \u00abdates anniversaires\u00bb ou les r\u00e9p\u00e9titions de pr\u00e9noms par exemple, vont venir symboliser le lien avec l\u2019anc\u00eatre et les probl\u00e8mes non r\u00e9solus. Cet anc\u00eatre cherche toujours \u00e0 avoir une place dans cette famille puisque ses \u00abprobl\u00e8mes\u00bb de l\u2019\u00e9poque ne sont pas r\u00e9gl\u00e9s, voire pas connus de ses descendants.<br \/>\nLe but c\u2019est de vous lib\u00e9rer et de lib\u00e9rer vos anc\u00eatres, la g\u00e9n\u00e9ration actuelle et celle \u00e0 venir. C&rsquo;est une gu\u00e9rison personnelle et transg\u00e9n\u00e9rationnelle. C\u2019est un beau cadeau que vous vous faites et que vous leur faites.<\/p>\n<p>Comme vous pouvez vous en douter c&rsquo;est un travail qui se fait en profondeur et qui demande du temps et de la patience, beaucoup de tol\u00e9rance et d&rsquo;amour\u00a0 vis-\u00e0-vis de vous m\u00eame et de votre histoire familiale.<\/p>\n<p>Entre chaque s\u00e9ance il faut un minimum de 3\u00a0 \u00e0 6 semaines d&rsquo;intervalle, au cours duquel les effets perdurent. Au d\u00e9but du processus un suivi r\u00e9gulier est recommand\u00e9 afin d&rsquo;induire et de consolider les prises de consciences et les changements r\u00e9alis\u00e9s.<\/p>\n<p><img loading=\"lazy\" class=\" wp-image-354 aligncenter\" src=\"http:\/\/chemindesoie.com\/wp-content\/uploads\/2018\/08\/transg\u00e9n\u00e9rationnel.jpg\" alt=\"\" width=\"333\" height=\"215\" \/><\/p>\n<p>\u00a0<\/p>\n<p>Pour votre prise de rendez-vous, <a href=\"http:\/\/chemindesoie.com\/?page_id=8\">CLIQUEZ ICI<\/a>.<\/p>\n<\/div><\/section>\n<div  class='avia-icon-list-container   avia-builder-el-3  el_after_av_textblock  el_before_av_iconlist '><ul class='avia-icon-list avia-icon-list-left av-iconlist-big avia_animate_when_almost_visible avia-iconlist-animate'>\n<li><div  class='iconlist_icon  avia-font-'><span class='iconlist-char ' aria-hidden='true' data-av_icon='\ue856' data-av_iconfont='entypo-fontello'><\/span><\/div><article class=\"article-icon-entry av-iconlist-empty\" ><div class='iconlist_content_wrap'><header class=\"entry-content-header\"><h4 class='av_iconlist_title iconlist_title   '  >Titre de liste 1<\/h4><\/header><div class='iconlist_content  '  ><\/div><\/div><footer class=\"entry-footer\"><\/footer><\/article><div class='iconlist-timeline'><\/div><\/li>\n<li><div  class='iconlist_icon  avia-font-'><span class='iconlist-char ' aria-hidden='true' data-av_icon='\ue806' data-av_iconfont='entypo-fontello'><\/span><\/div><article class=\"article-icon-entry av-iconlist-empty\" ><div class='iconlist_content_wrap'><header class=\"entry-content-header\"><h4 class='av_iconlist_title iconlist_title   '  >Titre de liste 2<\/h4><\/header><div class='iconlist_content  '  ><\/div><\/div><footer class=\"entry-footer\"><\/footer><\/article><div class='iconlist-timeline'><\/div><\/li>\n<li><div  class='iconlist_icon  avia-font-'><span class='iconlist-char ' aria-hidden='true' data-av_icon='\ue8b4' data-av_iconfont='entypo-fontello'><\/span><\/div><article class=\"article-icon-entry av-iconlist-empty\" ><div class='iconlist_content_wrap'><header class=\"entry-content-header\"><h4 class='av_iconlist_title iconlist_title   '  >Titre de liste 3<\/h4><\/header><div class='iconlist_content  '  ><\/div><\/div><footer class=\"entry-footer\"><\/footer><\/article><div class='iconlist-timeline'><\/div><\/li>\n<\/ul><\/div>\n<div  class='avia-icon-list-container   avia-builder-el-4  el_after_av_iconlist  avia-builder-el-last '><ul class='avia-icon-list avia-icon-list-left av-iconlist-big avia_animate_when_almost_visible avia-iconlist-animate'>\n<li><div  class='iconlist_icon  avia-font-'><span class='iconlist-char ' aria-hidden='true' data-av_icon='\ue856' data-av_iconfont='entypo-fontello'><\/span><\/div><article class=\"article-icon-entry av-iconlist-empty\" ><div class='iconlist_content_wrap'><header class=\"entry-content-header\"><h4 class='av_iconlist_title iconlist_title   '  >Titre de liste 1<\/h4><\/header><div class='iconlist_content  '  ><\/div><\/div><footer class=\"entry-footer\"><\/footer><\/article><div class='iconlist-timeline'><\/div><\/li>\n<li><div  class='iconlist_icon  avia-font-'><span class='iconlist-char ' aria-hidden='true' data-av_icon='\ue806' data-av_iconfont='entypo-fontello'><\/span><\/div><article class=\"article-icon-entry av-iconlist-empty\" ><div class='iconlist_content_wrap'><header class=\"entry-content-header\"><h4 class='av_iconlist_title iconlist_title   '  >Titre de liste 2<\/h4><\/header><div class='iconlist_content  '  ><\/div><\/div><footer class=\"entry-footer\"><\/footer><\/article><div class='iconlist-timeline'><\/div><\/li>\n<li><div  class='iconlist_icon  avia-font-'><span class='iconlist-char ' aria-hidden='true' data-av_icon='\ue8b4' data-av_iconfont='entypo-fontello'><\/span><\/div><article class=\"article-icon-entry av-iconlist-empty\" ><div class='iconlist_content_wrap'><header class=\"entry-content-header\"><h4 class='av_iconlist_title iconlist_title   '  >Titre de liste 3<\/h4><\/header><div class='iconlist_content  '  ><\/div><\/div><footer class=\"entry-footer\"><\/footer><\/article><div class='iconlist-timeline'><\/div><\/li>\n<\/ul><\/div>\n","protected":false},"excerpt":{"rendered":"","protected":false},"author":1,"featured_media":0,"parent":0,"menu_order":0,"comment_status":"closed","ping_status":"closed","template":"","meta":[],"_links":{"self":[{"href":"https:\/\/chemindesoie.com\/index.php?rest_route=\/wp\/v2\/pages\/37"}],"collection":[{"href":"https:\/\/chemindesoie.com\/index.php?rest_route=\/wp\/v2\/pages"}],"about":[{"href":"https:\/\/chemindesoie.com\/index.php?rest_route=\/wp\/v2\/types\/page"}],"author":[{"embeddable":true,"href":"https:\/\/chemindesoie.com\/index.php?rest_route=\/wp\/v2\/users\/1"}],"replies":[{"embeddable":true,"href":"https:\/\/chemindesoie.com\/index.php?rest_route=%2Fwp%2Fv2%2Fcomments&post=37"}],"version-history":[{"count":10,"href":"https:\/\/chemindesoie.com\/index.php?rest_route=\/wp\/v2\/pages\/37\/revisions"}],"predecessor-version":[{"id":511,"href":"https:\/\/chemindesoie.com\/index.php?rest_route=\/wp\/v2\/pages\/37\/revisions\/511"}],"wp:attachment":[{"href":"https:\/\/chemindesoie.com\/index.php?rest_route=%2Fwp%2Fv2%2Fmedia&parent=37"}],"curies":[{"name":"wp","href":"https:\/\/api.w.org\/{rel}","templated":true}]}}