{"id":35,"date":"2018-07-23T15:22:09","date_gmt":"2018-07-23T13:22:09","guid":{"rendered":"http:\/\/chemindesoie.com\/?page_id=35"},"modified":"2022-05-24T16:55:36","modified_gmt":"2022-05-24T14:55:36","slug":"osteopathehypnosenaturopathereiki-a-bruxellespariscote-dazur-15","status":"publish","type":"page","link":"https:\/\/chemindesoie.com\/?page_id=35","title":{"rendered":"Soins \u00e9nerg\u00e9tiques"},"content":{"rendered":"<div  style='height:30px' class='hr hr-invisible   avia-builder-el-0  el_before_av_heading  avia-builder-el-first '><span class='hr-inner ' ><span class='hr-inner-style'><\/span><\/span><\/div>\n<div  style='padding-bottom:10px; ' class='av-special-heading av-special-heading-h4  blockquote modern-quote  avia-builder-el-1  el_after_av_hr  el_before_av_textblock  '><h4 class='av-special-heading-tag '  >Soins \u00e9nerg\u00e9tiques<\/h4><div class='special-heading-border'><div class='special-heading-inner-border' ><\/div><\/div><\/div>\n<section class=\"av_textblock_section \" ><div class='avia_textblock  '  ><p>L\u2019\u00e9nerg\u00e9tique, c\u2019est l\u2019utilisation de l\u2019\u00e9nergie vitale qui nous entoure, sa captation et la transmettre le plus \u00abpurement\u00bb possible par apposition des mains. Ainsi, on transmet cette \u00e9nergie d&rsquo;amour inconditionnel qui permet d&rsquo;harmoniser et d&rsquo;\u00e9quilibrer le flux \u00e9nerg\u00e9tique du corps et de l&rsquo;esprit.<br \/>\nDerri\u00e8re chaque situation difficile, de mal \u00eatre, il y a des \u00e9motions reli\u00e9es, qui portent une charge \u00e9nerg\u00e9tique et influencent le fonctionnement physiologique de votre corps. Quand ce sont de belles \u00e9motions elles nous font du bien, par contre quand ce sont des \u00e9motions n\u00e9gatives, bon nombre d&rsquo;entre nous avons tendance \u00e0 les \u00e9touffer. Ces \u00e9nergies s&#8217;emmagasinent dans notre corps et le soin \u00e9nerg\u00e9tique vous permet de vous en lib\u00e9rer. Il d\u00e9noue les n\u0153uds, blocages et stress autant mentaux que physiques.<\/p>\n<p>Ce type de soin est conseill\u00e9 pour toute personne en sant\u00e9 mais surtout pour les personnes malades, ainsi que les personnes qui vivent des situations de stress dans leur quotidien. N&rsquo;attendez pas d&rsquo;arriver \u00e0 bout ou de tomber malade pour prendre soin de vous.<\/p>\n<p><img loading=\"lazy\" class=\" wp-image-332 aligncenter\" src=\"http:\/\/chemindesoie.com\/wp-content\/uploads\/2018\/08\/corps-\u00e9nerg\u00e9tiques-300x231.jpg\" alt=\"\" width=\"411\" height=\"317\" srcset=\"https:\/\/chemindesoie.com\/wp-content\/uploads\/2018\/08\/corps-\u00e9nerg\u00e9tiques-300x231.jpg 300w, https:\/\/chemindesoie.com\/wp-content\/uploads\/2018\/08\/corps-\u00e9nerg\u00e9tiques-768x591.jpg 768w, https:\/\/chemindesoie.com\/wp-content\/uploads\/2018\/08\/corps-\u00e9nerg\u00e9tiques.jpg 778w\" sizes=\"(max-width: 411px) 100vw, 411px\" \/><\/p>\n<p>Pour votre prise de rendez-vous, <a href=\"http:\/\/chemindesoie.com\/?page_id=8\">CLIQUEZ ICI<\/a>.<\/p>\n<\/div><\/section>\n","protected":false},"excerpt":{"rendered":"","protected":false},"author":1,"featured_media":0,"parent":0,"menu_order":0,"comment_status":"closed","ping_status":"closed","template":"","meta":[],"_links":{"self":[{"href":"https:\/\/chemindesoie.com\/index.php?rest_route=\/wp\/v2\/pages\/35"}],"collection":[{"href":"https:\/\/chemindesoie.com\/index.php?rest_route=\/wp\/v2\/pages"}],"about":[{"href":"https:\/\/chemindesoie.com\/index.php?rest_route=\/wp\/v2\/types\/page"}],"author":[{"embeddable":true,"href":"https:\/\/chemindesoie.com\/index.php?rest_route=\/wp\/v2\/users\/1"}],"replies":[{"embeddable":true,"href":"https:\/\/chemindesoie.com\/index.php?rest_route=%2Fwp%2Fv2%2Fcomments&post=35"}],"version-history":[{"count":11,"href":"https:\/\/chemindesoie.com\/index.php?rest_route=\/wp\/v2\/pages\/35\/revisions"}],"predecessor-version":[{"id":510,"href":"https:\/\/chemindesoie.com\/index.php?rest_route=\/wp\/v2\/pages\/35\/revisions\/510"}],"wp:attachment":[{"href":"https:\/\/chemindesoie.com\/index.php?rest_route=%2Fwp%2Fv2%2Fmedia&parent=35"}],"curies":[{"name":"wp","href":"https:\/\/api.w.org\/{rel}","templated":true}]}}