{"id":28,"date":"2018-07-23T15:15:53","date_gmt":"2018-07-23T13:15:53","guid":{"rendered":"http:\/\/chemindesoie.com\/?page_id=28"},"modified":"2022-05-24T16:54:02","modified_gmt":"2022-05-24T14:54:02","slug":"osteopathehypnosenaturopathereiki-a-bruxellespariscote-dazur-13","status":"publish","type":"page","link":"https:\/\/chemindesoie.com\/?page_id=28","title":{"rendered":"Qui suis-je?"},"content":{"rendered":"<div  style='height:30px' class='hr hr-invisible   avia-builder-el-0  el_before_av_heading  avia-builder-el-first '><span class='hr-inner ' ><span class='hr-inner-style'><\/span><\/span><\/div>\n<div  style='padding-bottom:10px; ' class='av-special-heading av-special-heading-h4  blockquote modern-quote  avia-builder-el-1  el_after_av_hr  el_before_av_textblock  '><h4 class='av-special-heading-tag '  >Qui suis-je?<\/h4><div class='special-heading-border'><div class='special-heading-inner-border' ><\/div><\/div><\/div>\n<section class=\"av_textblock_section \" ><div class='avia_textblock  '  ><p>Bienvenue sur mon Chemin de Soie.<img loading=\"lazy\" class=\"alignright size-medium wp-image-205\" src=\"http:\/\/chemindesoie.com\/wp-content\/uploads\/2018\/07\/portrait-4-233x300.jpg\" alt=\"\" width=\"233\" height=\"300\" srcset=\"https:\/\/chemindesoie.com\/wp-content\/uploads\/2018\/07\/portrait-4-233x300.jpg 233w, https:\/\/chemindesoie.com\/wp-content\/uploads\/2018\/07\/portrait-4-768x988.jpg 768w, https:\/\/chemindesoie.com\/wp-content\/uploads\/2018\/07\/portrait-4-796x1024.jpg 796w\" sizes=\"(max-width: 233px) 100vw, 233px\" \/><\/p>\n<p>Je suis Cigdem, th\u00e9rapeute depuis plusieurs ann\u00e9es. J&rsquo;ai toujours \u00e9t\u00e9 int\u00e9ress\u00e9e par l&rsquo;univers qui nous entoure et dans lequel chacun vit son existence. Je cherchais\u00a0 ma place\u00a0 et ma mission de vie.<br \/>\nVoil\u00e0 comment ma qu\u00eate a commenc\u00e9: j&rsquo;ai d&rsquo;abord \u00e9t\u00e9 dipl\u00f4m\u00e9e de la<strong><em> facult\u00e9 de sport de Paris<\/em> <\/strong>dans le domaine de l\u2019activit\u00e9 physique adapt\u00e9e. Je travaillais avec les personnes handicap\u00e9es, et tr\u00e8s vite je me suis rendue compte de la limite de mon savoir-faire pour les accompagner au mieux.<br \/>\nC\u2019est pourquoi j\u2019ai \u00e9tudi\u00e9 <em><strong>l\u2019ost\u00e9opathie<\/strong><\/em>, je suis dipl\u00f4m\u00e9e d\u2019une \u00e9cole priv\u00e9e parisienne d\u2019une formation de 5 ans combinant les cours et les consultations en clinique. J\u2019ai fait mon m\u00e9moire sur la prise en charge des patients en<em><strong> post chirurgie cardiaque en ost\u00e9opathie<\/strong><\/em> via la collaboration du chef de service en cardiologie de l\u2019h\u00f4pital Piti\u00e9 Salp\u00eatri\u00e8re. Ce m\u00e9moire a d\u00e9bouch\u00e9 sur une longue collaboration avec le Professeur.<br \/>\nOn avait le m\u00eame but,\u00a0 soulager et accompagner au mieux nos patients.<br \/>\nLors de mes entretiens avec mes patients, j&rsquo;ai not\u00e9 que les facteurs psychologiques, alimentaires jouaient un r\u00f4le important dans leur gu\u00e9rison. C\u2019est pourquoi , j\u2019ai fait des formations en<em><strong> hypnoth\u00e9rapie et en m\u00e9decine Ayurv\u00e9dique.<\/strong><\/em><br \/>\nEn parall\u00e8le, j\u2019ai \u00e9t\u00e9 b\u00e9n\u00e9vole dans une association o\u00f9 l&rsquo;on faisait des soins ost\u00e9opathiques sur des enfants handicap\u00e9s, des orphelins en France et au Maroc.<br \/>\nCette p\u00e9riode a \u00e9t\u00e9 tellement enrichissante humainement. J\u2019ai exp\u00e9riment\u00e9 le pouvoir de l\u2019amour et son effet sur l\u2019humain.<br \/>\nJ\u2019ai rencontr\u00e9 de belles personnes, inspirantes, joyeuses, qui se donnaient les moyens de r\u00e9aliser leurs r\u00eaves, peu importe leurs difficult\u00e9s.<br \/>\nChaque p\u00e9riode de ma vie m\u2019a amen\u00e9e \u00e0 creuser encore plus en profondeur, c&rsquo;est ainsi que\u00a0je me suis int\u00e9ress\u00e9e aux<em><strong> outils \u00e9nerg\u00e9tiques et transg\u00e9n\u00e9rationnels<\/strong><\/em>. Ils m&rsquo;ont aid\u00e9e \u00e0 conscientiser et \u00e0 sortir d\u2019un certains nombres de sch\u00e9mas familiaux qui se r\u00e9p\u00e9taient depuis des g\u00e9n\u00e9rations.<br \/>\nPour enfin \u00eatre en paix avec mon histoire familiale, avec les miens et surtout avec Moi.<br \/>\nLe but de ma d\u00e9marche, c\u2019est que les patients se connaissent et puissent \u00eatre autonomes dans leur vie.<br \/>\nJ\u2019ai les outils qui vont leur permettre de comprendre qui ils sont\u00a0 et &#8211; s\u2019ils le souhaitent &#8211; changer ce qui les emp\u00eache d\u2019\u00eatre heureux, et am\u00e9liorer ce qui a besoin de l\u2019\u00eatre.<br \/>\nLe \u00ab\u00a0chemin de soie \u00a0\u00bb est tr\u00e8s beau, et si vous lisez ces lignes c\u2019est que vous \u00eates pr\u00eat et en chemin !<br \/>\nQue \u00e7a soit avec moi ou une autre personne,\u00a0je vous souhaite\u00a0 de cheminer en toute confiance, bienveillance et amour.<\/p>\n<p>Cigdem<\/p>\n<p>\u00a0<\/p>\n<\/div><\/section>\n","protected":false},"excerpt":{"rendered":"","protected":false},"author":1,"featured_media":0,"parent":0,"menu_order":0,"comment_status":"closed","ping_status":"closed","template":"","meta":[],"_links":{"self":[{"href":"https:\/\/chemindesoie.com\/index.php?rest_route=\/wp\/v2\/pages\/28"}],"collection":[{"href":"https:\/\/chemindesoie.com\/index.php?rest_route=\/wp\/v2\/pages"}],"about":[{"href":"https:\/\/chemindesoie.com\/index.php?rest_route=\/wp\/v2\/types\/page"}],"author":[{"embeddable":true,"href":"https:\/\/chemindesoie.com\/index.php?rest_route=\/wp\/v2\/users\/1"}],"replies":[{"embeddable":true,"href":"https:\/\/chemindesoie.com\/index.php?rest_route=%2Fwp%2Fv2%2Fcomments&post=28"}],"version-history":[{"count":20,"href":"https:\/\/chemindesoie.com\/index.php?rest_route=\/wp\/v2\/pages\/28\/revisions"}],"predecessor-version":[{"id":507,"href":"https:\/\/chemindesoie.com\/index.php?rest_route=\/wp\/v2\/pages\/28\/revisions\/507"}],"wp:attachment":[{"href":"https:\/\/chemindesoie.com\/index.php?rest_route=%2Fwp%2Fv2%2Fmedia&parent=28"}],"curies":[{"name":"wp","href":"https:\/\/api.w.org\/{rel}","templated":true}]}}