{"id":251,"date":"2018-08-02T10:49:44","date_gmt":"2018-08-02T08:49:44","guid":{"rendered":"http:\/\/chemindesoie.com\/?page_id=251"},"modified":"2022-05-24T16:49:15","modified_gmt":"2022-05-24T14:49:15","slug":"osteopathehypnosenaturopathereiki-a-bruxellespariscote-dazur-7","status":"publish","type":"page","link":"https:\/\/chemindesoie.com\/?page_id=251","title":{"rendered":"L&rsquo;acceptation"},"content":{"rendered":"<div  style='height:30px' class='hr hr-invisible   avia-builder-el-0  el_before_av_heading  avia-builder-el-first '><span class='hr-inner ' ><span class='hr-inner-style'><\/span><\/span><\/div>\n<div  style='padding-bottom:10px; ' class='av-special-heading av-special-heading-h4  blockquote modern-quote  avia-builder-el-1  el_after_av_hr  el_before_av_textblock  '><h4 class='av-special-heading-tag '  >L\u2019acceptation<\/h4><div class='special-heading-border'><div class='special-heading-inner-border' ><\/div><\/div><\/div>\n<section class=\"av_textblock_section \" ><div class='avia_textblock  '  ><p>C&rsquo;est une r\u00e9silience de qui l&rsquo;on est (notre pass\u00e9,nos \u00e9motions, notre histoire familiale,nos pens\u00e9es&#8230;).Pour cela ,il est essentiel de faire la paix avec le pass\u00e9 et d\u2019accueillir les \u00e9v\u00e9nements sans r\u00e9sistance. Accepter notre r\u00e9alit\u00e9 est le point de d\u00e9part de notre futur.<br \/>\nHeureusement il n&rsquo;est jamais trop tard, en le faisant, vous accepterez mieux l&rsquo;autre. N&rsquo;attendez pas que ce dernier change pour vous,soyez le changement que vous voulez voir autour de vous.<\/p>\n<\/div><\/section>\n","protected":false},"excerpt":{"rendered":"","protected":false},"author":1,"featured_media":0,"parent":0,"menu_order":0,"comment_status":"closed","ping_status":"closed","template":"","meta":[],"_links":{"self":[{"href":"https:\/\/chemindesoie.com\/index.php?rest_route=\/wp\/v2\/pages\/251"}],"collection":[{"href":"https:\/\/chemindesoie.com\/index.php?rest_route=\/wp\/v2\/pages"}],"about":[{"href":"https:\/\/chemindesoie.com\/index.php?rest_route=\/wp\/v2\/types\/page"}],"author":[{"embeddable":true,"href":"https:\/\/chemindesoie.com\/index.php?rest_route=\/wp\/v2\/users\/1"}],"replies":[{"embeddable":true,"href":"https:\/\/chemindesoie.com\/index.php?rest_route=%2Fwp%2Fv2%2Fcomments&post=251"}],"version-history":[{"count":6,"href":"https:\/\/chemindesoie.com\/index.php?rest_route=\/wp\/v2\/pages\/251\/revisions"}],"predecessor-version":[{"id":499,"href":"https:\/\/chemindesoie.com\/index.php?rest_route=\/wp\/v2\/pages\/251\/revisions\/499"}],"wp:attachment":[{"href":"https:\/\/chemindesoie.com\/index.php?rest_route=%2Fwp%2Fv2%2Fmedia&parent=251"}],"curies":[{"name":"wp","href":"https:\/\/api.w.org\/{rel}","templated":true}]}}