{"id":243,"date":"2018-08-01T23:26:12","date_gmt":"2018-08-01T21:26:12","guid":{"rendered":"http:\/\/chemindesoie.com\/?page_id=243"},"modified":"2022-05-24T16:49:43","modified_gmt":"2022-05-24T14:49:43","slug":"osteopathehypnosenaturopathereiki-a-bruxellespariscote-dazur-8","status":"publish","type":"page","link":"https:\/\/chemindesoie.com\/?page_id=243","title":{"rendered":"La constellation familiale"},"content":{"rendered":"<div  style='height:30px' class='hr hr-invisible   avia-builder-el-0  el_before_av_heading  avia-builder-el-first '><span class='hr-inner ' ><span class='hr-inner-style'><\/span><\/span><\/div>\n<div  style='padding-bottom:10px; ' class='av-special-heading av-special-heading-h4  blockquote modern-quote  avia-builder-el-1  el_after_av_hr  el_before_av_textblock  '><h4 class='av-special-heading-tag '  >La constellation familiale<\/h4><div class='special-heading-border'><div class='special-heading-inner-border' ><\/div><\/div><\/div>\n<section class=\"av_textblock_section \" ><div class='avia_textblock  '  ><p>C&rsquo;est une m\u00e9thode de th\u00e9rapie familiale transg\u00e9n\u00e9rationnelle bas\u00e9e sur la mise \u00e0 jour de l&rsquo;inconscient familial par le biais de jeux de r\u00f4les et de psychodrames qui ont le pouvoir de r\u00e9soudre les conflits.<br \/>\nL&rsquo;objectif est de r\u00e9tablir l&rsquo;ordre dans ce syst\u00e8me, de permettre \u00e0 chacun d&rsquo;assumer sa part de responsabilit\u00e9 et de r\u00e9int\u00e9grer sa place .Elle met en lumi\u00e8re des \u00e9v\u00e9nements que l&rsquo;on croit oubli\u00e9s et de leurs implications cach\u00e9es. Les personnes choisies comme repr\u00e9sentant des membres du syst\u00e8me, vont parfois ressentir des \u00e9motions intenses donnant des indications sur ce qui a pu se jouer dans le pass\u00e9 ou qui se r\u00e9p\u00e8te dans le pr\u00e9sent. Une fois le probl\u00e8me mis en lumi\u00e8re ,il peut \u00eatre r\u00e9par\u00e9 par des gestes ou des paroles pr\u00e9cises qui soulagent les malaises et font \u00e9voluer le sch\u00e9ma. L&rsquo;acceptation du pass\u00e9 ,comprise comme reconnaissance d&rsquo;une infraction contre l&rsquo;ordre naturel ,tend \u00e0 dispenser la personne et sa famille d&rsquo;une reproduction.<\/p>\n<p>Quand vous entamez ce genre travail, c&rsquo;est vous, vos anc\u00eatres ,la g\u00e9n\u00e9ration pr\u00e9sente et celle \u00e0 venir que vous lib\u00e9rez.<\/p>\n<\/div><\/section>\n","protected":false},"excerpt":{"rendered":"","protected":false},"author":1,"featured_media":0,"parent":0,"menu_order":0,"comment_status":"closed","ping_status":"closed","template":"","meta":[],"_links":{"self":[{"href":"https:\/\/chemindesoie.com\/index.php?rest_route=\/wp\/v2\/pages\/243"}],"collection":[{"href":"https:\/\/chemindesoie.com\/index.php?rest_route=\/wp\/v2\/pages"}],"about":[{"href":"https:\/\/chemindesoie.com\/index.php?rest_route=\/wp\/v2\/types\/page"}],"author":[{"embeddable":true,"href":"https:\/\/chemindesoie.com\/index.php?rest_route=\/wp\/v2\/users\/1"}],"replies":[{"embeddable":true,"href":"https:\/\/chemindesoie.com\/index.php?rest_route=%2Fwp%2Fv2%2Fcomments&post=243"}],"version-history":[{"count":4,"href":"https:\/\/chemindesoie.com\/index.php?rest_route=\/wp\/v2\/pages\/243\/revisions"}],"predecessor-version":[{"id":500,"href":"https:\/\/chemindesoie.com\/index.php?rest_route=\/wp\/v2\/pages\/243\/revisions\/500"}],"wp:attachment":[{"href":"https:\/\/chemindesoie.com\/index.php?rest_route=%2Fwp%2Fv2%2Fmedia&parent=243"}],"curies":[{"name":"wp","href":"https:\/\/api.w.org\/{rel}","templated":true}]}}