{"id":237,"date":"2018-08-01T14:12:50","date_gmt":"2018-08-01T12:12:50","guid":{"rendered":"http:\/\/chemindesoie.com\/?page_id=237"},"modified":"2022-05-24T16:55:07","modified_gmt":"2022-05-24T14:55:07","slug":"osteopathehypnosenaturopathereiki-a-bruxellespariscote-dazur-14","status":"publish","type":"page","link":"https:\/\/chemindesoie.com\/?page_id=237","title":{"rendered":"Reconnexion \u00e0 soi"},"content":{"rendered":"<div  style='height:30px' class='hr hr-invisible   avia-builder-el-0  el_before_av_heading  avia-builder-el-first '><span class='hr-inner ' ><span class='hr-inner-style'><\/span><\/span><\/div>\n<div  style='padding-bottom:10px; ' class='av-special-heading av-special-heading-h4  blockquote modern-quote  avia-builder-el-1  el_after_av_hr  el_before_av_textblock  '><h4 class='av-special-heading-tag '  >Reconnexion \u00e0 soi<\/h4><div class='special-heading-border'><div class='special-heading-inner-border' ><\/div><\/div><\/div>\n<section class=\"av_textblock_section \" ><div class='avia_textblock  '  ><p>C&rsquo;est revenir au centre de soi, prendre conscience qu&rsquo;on existe, qu&rsquo;on est important.C&rsquo;est se connecter \u00e0 son c\u0153ur et \u00e0 son \u00eatre. Prenez rendez-vous avec vous m\u00eame.<br \/>\nPrenez le temps d&rsquo;\u00e9couter votre voix int\u00e9rieure et vous faire confiance. Je peux vous accompagner dans cette connexion au corps, dans l&rsquo;acceptation de qui vous \u00eates pour sortir de votre d\u00e9pendance et de vos attentes ext\u00e9rieures.<\/p>\n<p>Vous \u00eates les bienvenues quand vous vous sentez pr\u00eat \u00e0 vous rencontrer.<\/p>\n<\/div><\/section>\n","protected":false},"excerpt":{"rendered":"","protected":false},"author":1,"featured_media":0,"parent":0,"menu_order":0,"comment_status":"closed","ping_status":"closed","template":"","meta":[],"_links":{"self":[{"href":"https:\/\/chemindesoie.com\/index.php?rest_route=\/wp\/v2\/pages\/237"}],"collection":[{"href":"https:\/\/chemindesoie.com\/index.php?rest_route=\/wp\/v2\/pages"}],"about":[{"href":"https:\/\/chemindesoie.com\/index.php?rest_route=\/wp\/v2\/types\/page"}],"author":[{"embeddable":true,"href":"https:\/\/chemindesoie.com\/index.php?rest_route=\/wp\/v2\/users\/1"}],"replies":[{"embeddable":true,"href":"https:\/\/chemindesoie.com\/index.php?rest_route=%2Fwp%2Fv2%2Fcomments&post=237"}],"version-history":[{"count":7,"href":"https:\/\/chemindesoie.com\/index.php?rest_route=\/wp\/v2\/pages\/237\/revisions"}],"predecessor-version":[{"id":509,"href":"https:\/\/chemindesoie.com\/index.php?rest_route=\/wp\/v2\/pages\/237\/revisions\/509"}],"wp:attachment":[{"href":"https:\/\/chemindesoie.com\/index.php?rest_route=%2Fwp%2Fv2%2Fmedia&parent=237"}],"curies":[{"name":"wp","href":"https:\/\/api.w.org\/{rel}","templated":true}]}}