{"id":223,"date":"2018-07-30T13:51:04","date_gmt":"2018-07-30T11:51:04","guid":{"rendered":"http:\/\/chemindesoie.com\/?page_id=223"},"modified":"2022-05-25T10:54:45","modified_gmt":"2022-05-25T08:54:45","slug":"osteopathehypnosenaturopathereiki-a-bruxellespariscote-dazur-2","status":"publish","type":"page","link":"https:\/\/chemindesoie.com\/?page_id=223","title":{"rendered":"Chemin de Soie : Ateliers"},"content":{"rendered":"<div  style='height:30px' class='hr hr-invisible   avia-builder-el-0  el_before_av_heading  avia-builder-el-first '><span class='hr-inner ' ><span class='hr-inner-style'><\/span><\/span><\/div>\n<div  style='padding-bottom:10px; ' class='av-special-heading av-special-heading-h4  blockquote modern-quote  avia-builder-el-1  el_after_av_hr  el_before_av_textblock  '><h4 class='av-special-heading-tag '  >Ateliers<\/h4><div class='special-heading-border'><div class='special-heading-inner-border' ><\/div><\/div><\/div>\n<section class=\"av_textblock_section \" ><div class='avia_textblock  '  ><p>Je vous propose diff\u00e9rents ateliers durant lesquels je vous accompagnerai. Vous trouverez dans le sous menu les explications concernant chacun d&rsquo;entre eux.<\/p>\n<p>C&rsquo;est un chemin qui m\u00e8ne \u00e0 l&rsquo;amour de soi, \u00e0 la paix int\u00e9rieure et au bonheur. On se doit de l&rsquo;entreprendre pour soi, et rien que pour soi.<\/p>\n<p>C&rsquo;est un parcours jalonn\u00e9 d&rsquo;\u00e9tapes comme la connexion \u00e0 soi,la r\u00e9conciliation avec son histoire familiale,l&rsquo;acceptation,le pardon&#8230;<\/p>\n<p>Ils se font sur demande, et par petit groupe. Je forme les groupes en fonction de sa coh\u00e9rence \u00e9nerg\u00e9tique , pour que celui-ci se d\u00e9roule dans les meilleures conditions possibles.<\/p>\n<p>Au plaisir de vous rencontrer, en attendant belles d\u00e9couvertes.<\/p>\n<p>Pour votre prise de rendez-vous, <a href=\"http:\/\/chemindesoie.com\/?page_id=8\">CLIQUEZ ICI<\/a>.<\/p>\n<\/div><\/section>\n","protected":false},"excerpt":{"rendered":"","protected":false},"author":1,"featured_media":0,"parent":0,"menu_order":0,"comment_status":"closed","ping_status":"closed","template":"","meta":[],"_links":{"self":[{"href":"https:\/\/chemindesoie.com\/index.php?rest_route=\/wp\/v2\/pages\/223"}],"collection":[{"href":"https:\/\/chemindesoie.com\/index.php?rest_route=\/wp\/v2\/pages"}],"about":[{"href":"https:\/\/chemindesoie.com\/index.php?rest_route=\/wp\/v2\/types\/page"}],"author":[{"embeddable":true,"href":"https:\/\/chemindesoie.com\/index.php?rest_route=\/wp\/v2\/users\/1"}],"replies":[{"embeddable":true,"href":"https:\/\/chemindesoie.com\/index.php?rest_route=%2Fwp%2Fv2%2Fcomments&post=223"}],"version-history":[{"count":26,"href":"https:\/\/chemindesoie.com\/index.php?rest_route=\/wp\/v2\/pages\/223\/revisions"}],"predecessor-version":[{"id":567,"href":"https:\/\/chemindesoie.com\/index.php?rest_route=\/wp\/v2\/pages\/223\/revisions\/567"}],"wp:attachment":[{"href":"https:\/\/chemindesoie.com\/index.php?rest_route=%2Fwp%2Fv2%2Fmedia&parent=223"}],"curies":[{"name":"wp","href":"https:\/\/api.w.org\/{rel}","templated":true}]}}