{"id":10,"date":"2018-07-20T16:36:26","date_gmt":"2018-07-20T14:36:26","guid":{"rendered":"http:\/\/chemindesoie.com\/?page_id=10"},"modified":"2022-05-24T16:56:42","modified_gmt":"2022-05-24T14:56:42","slug":"osteopathehypnosenaturopathereiki-a-bruxellespariscote-dazur-17","status":"publish","type":"page","link":"https:\/\/chemindesoie.com\/?page_id=10","title":{"rendered":"Suivi des patients"},"content":{"rendered":"<div  style='height:30px' class='hr hr-invisible   avia-builder-el-0  el_before_av_heading  avia-builder-el-first '><span class='hr-inner ' ><span class='hr-inner-style'><\/span><\/span><\/div>\n<div  style='padding-bottom:10px; ' class='av-special-heading av-special-heading-h4  blockquote modern-quote  avia-builder-el-1  el_after_av_hr  el_before_av_textblock  '><h4 class='av-special-heading-tag '  >Suivi des patients<\/h4><div class='special-heading-border'><div class='special-heading-inner-border' ><\/div><\/div><\/div>\n<section class=\"av_textblock_section \" ><div class='avia_textblock  '  ><p>Je voulais vous parler de l&rsquo;importance de votre suivi, pour un motif de consultation, il faut savoir que souvent une consultation n&rsquo;est pas suffisante et qu&rsquo;il est important d&rsquo;aller jusqu&rsquo;au bout de votre d\u00e9marche en suivant les conseils et les indications que je vais vous donner \u00e0 la fin de chaque s\u00e9ance. Chaque personne a un suivi sur mesure selon les besoins qui se font sentir et qui sont en r\u00e9sonance avec elle.<\/p>\n<p>Entre chaque soin je laisse passer 3\u00a0 \u00e0 6 semaines car l&rsquo;effet du soin continue durant cet intervalle. En fin de s\u00e9ance, je donne souvent des choses \u00e0 faire chez vous: exercices, lettres&#8230; pour pr\u00e9parer la s\u00e9ance suivante.<\/p>\n<p><strong>Lorsqu&rsquo;une situation d&rsquo;urgence l&rsquo;exige, je vois 15 jours apr\u00e8s la consultation.<\/strong><\/p>\n<p>Pour votre prise de rendez-vous, <a href=\"http:\/\/chemindesoie.com\/?page_id=8\">CLIQUEZ ICI<\/a>.<\/p>\n<\/div><\/section>\n","protected":false},"excerpt":{"rendered":"","protected":false},"author":1,"featured_media":0,"parent":0,"menu_order":0,"comment_status":"closed","ping_status":"closed","template":"","meta":[],"_links":{"self":[{"href":"https:\/\/chemindesoie.com\/index.php?rest_route=\/wp\/v2\/pages\/10"}],"collection":[{"href":"https:\/\/chemindesoie.com\/index.php?rest_route=\/wp\/v2\/pages"}],"about":[{"href":"https:\/\/chemindesoie.com\/index.php?rest_route=\/wp\/v2\/types\/page"}],"author":[{"embeddable":true,"href":"https:\/\/chemindesoie.com\/index.php?rest_route=\/wp\/v2\/users\/1"}],"replies":[{"embeddable":true,"href":"https:\/\/chemindesoie.com\/index.php?rest_route=%2Fwp%2Fv2%2Fcomments&post=10"}],"version-history":[{"count":15,"href":"https:\/\/chemindesoie.com\/index.php?rest_route=\/wp\/v2\/pages\/10\/revisions"}],"predecessor-version":[{"id":512,"href":"https:\/\/chemindesoie.com\/index.php?rest_route=\/wp\/v2\/pages\/10\/revisions\/512"}],"wp:attachment":[{"href":"https:\/\/chemindesoie.com\/index.php?rest_route=%2Fwp%2Fv2%2Fmedia&parent=10"}],"curies":[{"name":"wp","href":"https:\/\/api.w.org\/{rel}","templated":true}]}}